{"id":1227,"date":"2025-09-02T12:37:26","date_gmt":"2025-09-02T12:37:26","guid":{"rendered":"https:\/\/orkenyi.hu\/?page_id=1227"},"modified":"2025-09-03T21:09:19","modified_gmt":"2025-09-03T21:09:19","slug":"digitalis-tudasbazis","status":"publish","type":"page","link":"https:\/\/orkenyi.hu\/en\/digitalis-tudasbazis\/","title":{"rendered":"Digital knowledge base"},"content":{"rendered":"<h3 class=\"wp-block-heading\">Filters<\/h3>\n\n<h4 class=\"wp-block-heading\">Difficulty level<\/h4>\n\n<h4 class=\"wp-block-heading\">Category<\/h4>\n\n<div class=\"wp-block-buttons is-layout-flex wp-block-buttons-is-layout-flex\"><\/div>\n\n<h4 class=\"wp-block-heading\">Sorting<\/h4>\n\n<h4 class=\"wp-block-heading\">Radio Button Filter<\/h4>\n\n<h4 class=\"wp-block-heading\">Checkbox Button Filter<\/h4>\n\n<h4 class=\"wp-block-heading\">Sort by<\/h4>\n\n<h3 class=\"wp-block-heading\">Filters<\/h3>\n\n<h4 class=\"wp-block-heading\">Search filter<\/h4>\n\n\n\n<div class=\"wp-block-buttons is-layout-flex wp-block-buttons-is-layout-flex\"><\/div>","protected":false},"excerpt":{"rendered":"<p>Sz\u0171r\u0151k Neh\u00e9zs\u00e9gi szint Kateg\u00f3ria Rendez\u00e9s Radio Button Filter Checkbox Button Filter Sort by Filters Search filter<\/p>","protected":false},"author":1,"featured_media":0,"parent":0,"menu_order":0,"comment_status":"closed","ping_status":"closed","template":"","meta":{"_seopress_robots_primary_cat":"","_seopress_titles_title":"","_seopress_titles_desc":"","_seopress_robots_index":"","footnotes":""},"class_list":["post-1227","page","type-page","status-publish","hentry"],"_links":{"self":[{"href":"https:\/\/orkenyi.hu\/en\/wp-json\/wp\/v2\/pages\/1227","targetHints":{"allow":["GET"]}}],"collection":[{"href":"https:\/\/orkenyi.hu\/en\/wp-json\/wp\/v2\/pages"}],"about":[{"href":"https:\/\/orkenyi.hu\/en\/wp-json\/wp\/v2\/types\/page"}],"author":[{"embeddable":true,"href":"https:\/\/orkenyi.hu\/en\/wp-json\/wp\/v2\/users\/1"}],"replies":[{"embeddable":true,"href":"https:\/\/orkenyi.hu\/en\/wp-json\/wp\/v2\/comments?post=1227"}],"version-history":[{"count":30,"href":"https:\/\/orkenyi.hu\/en\/wp-json\/wp\/v2\/pages\/1227\/revisions"}],"predecessor-version":[{"id":1369,"href":"https:\/\/orkenyi.hu\/en\/wp-json\/wp\/v2\/pages\/1227\/revisions\/1369"}],"wp:attachment":[{"href":"https:\/\/orkenyi.hu\/en\/wp-json\/wp\/v2\/media?parent=1227"}],"curies":[{"name":"wp","href":"https:\/\/api.w.org\/{rel}","templated":true}]}}