{"id":36,"date":"2024-05-21T18:21:54","date_gmt":"2024-05-21T18:21:54","guid":{"rendered":"https:\/\/orkenyi.hu\/?page_id=36"},"modified":"2025-12-12T17:59:06","modified_gmt":"2025-12-12T17:59:06","slug":"weboldalkeszites","status":"publish","type":"page","link":"https:\/\/orkenyi.hu\/en\/weboldalkeszites\/","title":{"rendered":"Website creation"},"content":{"rendered":"<h1 class=\"wp-block-heading\">WEBSITE DEVELOPMENT<\/h1>\n\n<p>The first impression is crucial! A well-designed, fast-loading website earns your visitors' trust within seconds. Let me handle your company's website development so you can stay ahead of your competitors in the online world!<\/p>\n\n<div class=\"wp-block-buttons is-layout-flex wp-block-buttons-is-layout-flex\"><div class=\"wp-block-button\"><a class=\"wp-block-button__link\">I want a website!<\/a><\/div><\/div>\n\n<figure class=\"wp-block-image size-full\"><img alt loading=\"lazy\" decoding=\"async\" width=\"1537\" height=\"1152\" src=\"https:\/\/orkenyi.hu\/wp-content\/uploads\/2024\/08\/outdoor_billboard_mockup-1-1.png\" class =\"wp-image-419\" srcset=\"https:\/\/orkenyi.hu\/wp-content\/uploads\/2024\/08\/outdoor_billboard_mockup-1-1.png 1537w, https:\/\/orkenyi.hu\/wp-content\/uploads\/2024\/08\/outdoor_billboard_mockup-1-1-300x225.png 300w, https:\/\/orkenyi.hu\/wp-content\/uploads\/2024\/08\/outdoor_billboard_mockup-1-1-1024x768.png 1024w, https:\/\/orkenyi.hu\/wp-content\/uploads\/2024\/08\/outdoor_billboard_mockup-1-1-768x576.png 768w\" sizes=\"auto, (max-width: 1537px) 100vw, 1537px\" \/><\/figure>\n\n<figure class=\"wp-block-image size-full\"><img alt loading=\"lazy\" decoding=\"async\" width=\"1537\" height=\"1152\" src=\"https:\/\/orkenyi.hu\/wp-content\/uploads\/2024\/08\/outdoor_billboard_mockup-1-1.png\" class =\"wp-image-419\" srcset=\"https:\/\/orkenyi.hu\/wp-content\/uploads\/2024\/08\/outdoor_billboard_mockup-1-1.png 1537w, https:\/\/orkenyi.hu\/wp-content\/uploads\/2024\/08\/outdoor_billboard_mockup-1-1-300x225.png 300w, https:\/\/orkenyi.hu\/wp-content\/uploads\/2024\/08\/outdoor_billboard_mockup-1-1-1024x768.png 1024w, https:\/\/orkenyi.hu\/wp-content\/uploads\/2024\/08\/outdoor_billboard_mockup-1-1-768x576.png 768w\" sizes=\"auto, (max-width: 1537px) 100vw, 1537px\" \/><\/figure>\n\n<h3 class=\"wp-block-heading\">Frequently asked questions<\/h3>\n\n<p>My clients most often ask me to create the following types of websites, but don&#039;t worry if you don&#039;t see what you want here. Let&#039;s talk about your project and we&#039;ll definitely find a solution!<\/p>\n\n<div class=\"wp-block-buttons is-layout-flex wp-block-buttons-is-layout-flex\"><div class=\"wp-block-button\"><a class=\"wp-block-button__link\">I want a website!<\/a><\/div><\/div>\n\n<h2 class=\"wp-block-heading\">Website creation, which I undertake\u2026<\/h2>\n\n<figure class=\"wp-block-image size-full\"><img alt loading=\"lazy\" decoding=\"async\" width=\"148\" height=\"148\" src=\"https:\/\/orkenyi.hu\/wp-content\/uploads\/2024\/08\/Group-197.png\" class =\"wp-image-561\"><\/figure>\n\n<h3 class=\"has-text-align-center wp-block-heading\">Introductory website<\/h3>\n\n<figure class=\"wp-block-image size-full\"><img alt loading=\"lazy\" decoding=\"async\" width=\"148\" height=\"148\" src=\"https:\/\/orkenyi.hu\/wp-content\/uploads\/2024\/08\/Group-203.png\" class =\"wp-image-562\"><\/figure>\n\n<h3 class=\"has-text-align-center wp-block-heading\">professional company website<\/h3>\n\n<figure class=\"wp-block-image size-full\"><img alt loading=\"lazy\" decoding=\"async\" width=\"148\" height=\"148\" src=\"https:\/\/orkenyi.hu\/wp-content\/uploads\/2024\/08\/Group-205.png\" class =\"wp-image-564\"><\/figure>\n\n<h3 class=\"has-text-align-center wp-block-heading\">customized website<\/h3>\n\n<div class=\"wp-block-buttons is-layout-flex wp-block-buttons-is-layout-flex\"><div class=\"wp-block-button\"><a class=\"wp-block-button__link\">I want a website!<\/a><\/div><\/div>\n\n<h3 class=\"wp-block-heading\">Personalized quote<\/h3>\n\n<p><span style=\"font-weight: 400;\">I don\u2019t have set prices because I create each quote on a case-by-case basis. Every project is different, and my clients\u2019 needs are always unique. Some of you may already have images, text, keyword research, or even an existing website that you want to keep. I don\u2019t provide fixed prices here because I don\u2019t want to mislead you\u2014it wouldn\u2019t be nice if you ended up not getting what you expected. Instead, I\u2019ll create a free, personalized quote that reflects your exact needs.<\/span><\/p>\n\n<div class=\"wp-block-buttons is-layout-flex wp-block-buttons-is-layout-flex\"><div class=\"wp-block-button\"><a class=\"wp-block-button__link\">REQUEST A QUOTE<\/a><\/div><\/div>\n\n<figure class=\"wp-block-image size-full\"><img alt loading=\"lazy\" decoding=\"async\" width=\"544\" height=\"588\" src=\"https:\/\/orkenyi.hu\/wp-content\/uploads\/2024\/06\/WEBOLDAL-ARA.png\" class =\"wp-image-187\" srcset=\"https:\/\/orkenyi.hu\/wp-content\/uploads\/2024\/06\/WEBOLDAL-ARA.png 544w, https:\/\/orkenyi.hu\/wp-content\/uploads\/2024\/06\/WEBOLDAL-ARA-278x300.png 278w\" sizes=\"auto, (max-width: 544px) 100vw, 544px\" \/><\/figure>\n\n<h2 class=\"wp-block-heading\">Website creation prices<\/h2>\n\n<h2 class=\"wp-block-heading\">Start creating a website!<\/h2>\n\n<p>If you&#039;ve made it this far, you&#039;re definitely serious. Fill out this questionnaire and I&#039;ll get back to you within 24 hours!<\/p>\n\n<figure class=\"wp-block-image size-full\"><img alt loading=\"lazy\" decoding=\"async\" width=\"602\" height=\"498\" src=\"https:\/\/orkenyi.hu\/wp-content\/uploads\/2024\/08\/Group-166.png\" class =\"wp-image-347\" srcset=\"https:\/\/orkenyi.hu\/wp-content\/uploads\/2024\/08\/Group-166.png 602w, https:\/\/orkenyi.hu\/wp-content\/uploads\/2024\/08\/Group-166-300x248.png 300w\" sizes=\"auto, (max-width: 602px) 100vw, 602px\" \/><\/figure>\n\n<h3 class=\"wp-block-heading\">Why me?<\/h3>\n\n<figure class=\"wp-block-image size-full\"><img alt loading=\"lazy\" decoding=\"async\" width=\"148\" height=\"148\" src=\"https:\/\/orkenyi.hu\/wp-content\/uploads\/2024\/06\/Group-176.png\" class =\"wp-image-155\"><\/figure>\n\n<h3 class=\"has-text-align-center wp-block-heading\">5 years of experience behind me<\/h3>\n\n<figure class=\"wp-block-image size-full\"><img alt loading=\"lazy\" decoding=\"async\" width=\"148\" height=\"148\" src=\"https:\/\/orkenyi.hu\/wp-content\/uploads\/2024\/06\/Group-178.png\" class =\"wp-image-156\"><\/figure>\n\n<h3 class=\"has-text-align-center wp-block-heading\">A combination of artistic and functional design<\/h3>\n\n<figure class=\"wp-block-image size-full\"><img alt loading=\"lazy\" decoding=\"async\" width=\"148\" height=\"148\" src=\"https:\/\/orkenyi.hu\/wp-content\/uploads\/2024\/06\/Group-177.png\" class =\"wp-image-145\"><\/figure>\n\n<h3 class=\"has-text-align-center wp-block-heading\">Comprehensive services in one place<\/h3>\n\n<figure class=\"wp-block-image size-full\"><img alt loading=\"lazy\" decoding=\"async\" width=\"148\" height=\"148\" src=\"https:\/\/orkenyi.hu\/wp-content\/uploads\/2024\/06\/Group-181.png\" class =\"wp-image-154\"><\/figure>\n\n<h3 class=\"has-text-align-center wp-block-heading\">Passion for quality<\/h3>\n\n<figure class=\"wp-block-image size-full\"><img alt loading=\"lazy\" decoding=\"async\" width=\"148\" height=\"148\" src=\"https:\/\/orkenyi.hu\/wp-content\/uploads\/2024\/06\/Group-179.png\" class =\"wp-image-157\"><\/figure>\n\n<h3 class=\"has-text-align-center wp-block-heading\">Customized solutions<\/h3>\n\n<figure class=\"wp-block-image size-full\"><img alt loading=\"lazy\" decoding=\"async\" width=\"148\" height=\"148\" src=\"https:\/\/orkenyi.hu\/wp-content\/uploads\/2024\/06\/Group-180.png\" class =\"wp-image-153\"><\/figure>\n\n<h3 class=\"has-text-align-center wp-block-heading\">Continuous learning and trend tracking<\/h3>\n\n<h2 class=\"wp-block-heading\">Website creation process<\/h2>\n\n<figure class=\"wp-block-image size-full\"><img alt loading=\"lazy\" decoding=\"async\" width=\"73\" height=\"74\" src=\"https:\/\/orkenyi.hu\/wp-content\/uploads\/2024\/08\/nyil-1.png\" class =\"wp-image-480\"><\/figure>\n\n<h3 class=\"has-text-align-center wp-block-heading\">Consultation and goal setting<\/h3>\n\n<!-- wp:Array \/-->\n\n<figure class=\"wp-block-image size-full\"><img alt loading=\"lazy\" decoding=\"async\" width=\"73\" height=\"74\" src=\"https:\/\/orkenyi.hu\/wp-content\/uploads\/2024\/08\/nyil-1.png\" class =\"wp-image-480\"><\/figure>\n\n<h3 class=\"has-text-align-center wp-block-heading\">Domain and hosting provision<\/h3>\n\n<p>If you don&#039;t have a domain name and hosting yet, I can help you obtain them and provide the necessary access to make the process go smoothly.<\/p>\n\n<figure class=\"wp-block-image size-full\"><img alt loading=\"lazy\" decoding=\"async\" width=\"73\" height=\"74\" src=\"https:\/\/orkenyi.hu\/wp-content\/uploads\/2024\/08\/nyil-1.png\" class =\"wp-image-480\"><\/figure>\n\n<h3 class=\"has-text-align-center wp-block-heading\">Arming and maintenance<\/h3>\n\n<p>Once the site is ready and tested, I will be available for maintenance and updates after it goes live. I will also help with these tasks to ensure that the site remains up-to-date and secure.<\/p>\n\n<figure class=\"wp-block-image size-full\"><img alt loading=\"lazy\" decoding=\"async\" width=\"73\" height=\"74\" src=\"https:\/\/orkenyi.hu\/wp-content\/uploads\/2024\/08\/nyil-1.png\" class =\"wp-image-480\"><\/figure>\n\n<h3 class=\"has-text-align-center wp-block-heading\">Website development and testing<\/h3>\n\n<p>Once the design is finalized, the actual development of the website begins. After the site is built, we perform thorough testing to ensure that all functions work flawlessly.<\/p>\n\n<figure class=\"wp-block-image size-full\"><img alt loading=\"lazy\" decoding=\"async\" width=\"73\" height=\"74\" src=\"https:\/\/orkenyi.hu\/wp-content\/uploads\/2024\/08\/nyil-1.png\" class =\"wp-image-480\"><\/figure>\n\n<h3 class=\"has-text-align-center wp-block-heading\">Creating wireframes and web design<\/h3>\n\n<p>Based on the agreed upon ideas, I create a wireframe of the site, which is a simple outline of the structure of the site. If this is approved, I create a web design plan, which already includes the visual elements.<\/p>\n\n<figure class=\"wp-block-image size-full\"><img alt loading=\"lazy\" decoding=\"async\" width=\"73\" height=\"74\" src=\"https:\/\/orkenyi.hu\/wp-content\/uploads\/2024\/08\/nyil-1.png\" class =\"wp-image-480\"><\/figure>\n\n<h3 class=\"has-text-align-center wp-block-heading\">Collecting content<\/h3>\n\n<p>After that, I will need the images, text, and all other content to be displayed on the page so that we can build the page based on them.<\/p>\n\n<figure class=\"wp-block-image size-full\"><img alt loading=\"lazy\" decoding=\"async\" width=\"73\" height=\"74\" src=\"https:\/\/orkenyi.hu\/wp-content\/uploads\/2024\/08\/nyil-1.png\" class =\"wp-image-480\"><\/figure>\n\n<h3 class=\"has-text-align-center wp-block-heading\">Keyword research and SEO<\/h3>\n\n<p>If necessary, we will conduct keyword research and help you write SEO-optimized texts so that your site performs well in search engines.<\/p>\n\n<figure class=\"wp-block-image size-full\"><img alt loading=\"lazy\" decoding=\"async\" width=\"73\" height=\"74\" src=\"https:\/\/orkenyi.hu\/wp-content\/uploads\/2024\/08\/nyil-1.png\" class =\"wp-image-480\"><\/figure>\n\n<h3 class=\"has-text-align-center wp-block-heading\">Defining style and direction<\/h3>\n\n<p>We will then work together to determine the visual style and direction of the website. If there is a website you like and you have a similar style in mind, we will also take this into account during the design.<\/p>\n\n<figure class=\"wp-block-image size-full\"><img alt loading=\"lazy\" decoding=\"async\" width=\"148\" height=\"148\" src=\"https:\/\/orkenyi.hu\/wp-content\/uploads\/2024\/08\/Group-204.png\" class =\"wp-image-563\"><\/figure>\n\n<h3 class=\"has-text-align-center wp-block-heading\">Portfolio <br>website<\/h3>\n\n<h2 class=\"wp-block-heading\">Websites I&#039;ve created<\/h2>\n\n<figure class=\"wp-block-gallery columns-3 is-cropped wp-block-gallery-1 is-layout-flex wp-block-gallery-is-layout-flex\"><ul class=\"blocks-gallery-grid\"><li class=\"blocks-gallery-item\"><figure><img alt=\"\" loading=\"lazy\" decoding=\"async\" width=\"649\" height=\"737\" src=\"https:\/\/orkenyi.hu\/wp-content\/uploads\/2025\/03\/image-84.webp\" data-id=\"774\" data-full-url=\"https:\/\/orkenyi.hu\/wp-content\/uploads\/2025\/03\/image-84.webp\" data-link=\"https:\/\/orkenyi.hu\/image-84\/\" class=\"wp-image-774\" srcset=\"https:\/\/orkenyi.hu\/wp-content\/uploads\/2025\/03\/image-84.webp 649w, https:\/\/orkenyi.hu\/wp-content\/uploads\/2025\/03\/image-84-264x300.webp 264w\" sizes=\"auto, (max-width: 649px) 100vw, 649px\" \/><\/figure><\/li><li class=\"blocks-gallery-item\"><figure><img alt=\"\" loading=\"lazy\" decoding=\"async\" width=\"649\" height=\"749\" src=\"https:\/\/orkenyi.hu\/wp-content\/uploads\/2025\/03\/image-80.webp\" data-id=\"800\" data-full-url=\"https:\/\/orkenyi.hu\/wp-content\/uploads\/2025\/03\/image-80.webp\" data-link=\"https:\/\/orkenyi.hu\/image-80\/\" class=\"wp-image-800\" srcset=\"https:\/\/orkenyi.hu\/wp-content\/uploads\/2025\/03\/image-80.webp 649w, https:\/\/orkenyi.hu\/wp-content\/uploads\/2025\/03\/image-80-260x300.webp 260w\" sizes=\"auto, (max-width: 649px) 100vw, 649px\" \/><\/figure><\/li><li class=\"blocks-gallery-item\"><figure><img alt=\"\" loading=\"lazy\" decoding=\"async\" width=\"649\" height=\"748\" src=\"https:\/\/orkenyi.hu\/wp-content\/uploads\/2025\/03\/image-79.webp\" data-id=\"799\" data-full-url=\"https:\/\/orkenyi.hu\/wp-content\/uploads\/2025\/03\/image-79.webp\" data-link=\"https:\/\/orkenyi.hu\/image-79\/\" class=\"wp-image-799\" srcset=\"https:\/\/orkenyi.hu\/wp-content\/uploads\/2025\/03\/image-79.webp 649w, https:\/\/orkenyi.hu\/wp-content\/uploads\/2025\/03\/image-79-260x300.webp 260w\" sizes=\"auto, (max-width: 649px) 100vw, 649px\" \/><\/figure><\/li><li class=\"blocks-gallery-item\"><figure><img alt=\"\" loading=\"lazy\" decoding=\"async\" width=\"692\" height=\"790\" src=\"https:\/\/orkenyi.hu\/wp-content\/uploads\/2025\/03\/Frame-111.webp\" data-id=\"787\" data-full-url=\"https:\/\/orkenyi.hu\/wp-content\/uploads\/2025\/03\/Frame-111.webp\" data-link=\"https:\/\/orkenyi.hu\/frame-111\/\" class=\"wp-image-787\" srcset=\"https:\/\/orkenyi.hu\/wp-content\/uploads\/2025\/03\/Frame-111.webp 692w, https:\/\/orkenyi.hu\/wp-content\/uploads\/2025\/03\/Frame-111-263x300.webp 263w\" sizes=\"auto, (max-width: 692px) 100vw, 692px\" \/><\/figure><\/li><li class=\"blocks-gallery-item\"><figure><img alt=\"\" loading=\"lazy\" decoding=\"async\" width=\"692\" height=\"790\" src=\"https:\/\/orkenyi.hu\/wp-content\/uploads\/2025\/03\/Frame-120.webp\" data-id=\"796\" data-full-url=\"https:\/\/orkenyi.hu\/wp-content\/uploads\/2025\/03\/Frame-120.webp\" data-link=\"https:\/\/orkenyi.hu\/frame-120\/\" class=\"wp-image-796\" srcset=\"https:\/\/orkenyi.hu\/wp-content\/uploads\/2025\/03\/Frame-120.webp 692w, https:\/\/orkenyi.hu\/wp-content\/uploads\/2025\/03\/Frame-120-263x300.webp 263w\" sizes=\"auto, (max-width: 692px) 100vw, 692px\" \/><\/figure><\/li><li class=\"blocks-gallery-item\"><figure><img alt=\"\" loading=\"lazy\" decoding=\"async\" width=\"692\" height=\"790\" src=\"https:\/\/orkenyi.hu\/wp-content\/uploads\/2025\/03\/Frame-115.webp\" data-id=\"791\" data-full-url=\"https:\/\/orkenyi.hu\/wp-content\/uploads\/2025\/03\/Frame-115.webp\" data-link=\"https:\/\/orkenyi.hu\/frame-115\/\" class=\"wp-image-791\" srcset=\"https:\/\/orkenyi.hu\/wp-content\/uploads\/2025\/03\/Frame-115.webp 692w, https:\/\/orkenyi.hu\/wp-content\/uploads\/2025\/03\/Frame-115-263x300.webp 263w\" sizes=\"auto, (max-width: 692px) 100vw, 692px\" \/><\/figure><\/li><li class=\"blocks-gallery-item\"><figure><img alt=\"\" loading=\"lazy\" decoding=\"async\" width=\"649\" height=\"737\" src=\"https:\/\/orkenyi.hu\/wp-content\/uploads\/2025\/03\/image-87.webp\" data-id=\"777\" data-full-url=\"https:\/\/orkenyi.hu\/wp-content\/uploads\/2025\/03\/image-87.webp\" data-link=\"https:\/\/orkenyi.hu\/image-87\/\" class=\"wp-image-777\" srcset=\"https:\/\/orkenyi.hu\/wp-content\/uploads\/2025\/03\/image-87.webp 649w, https:\/\/orkenyi.hu\/wp-content\/uploads\/2025\/03\/image-87-264x300.webp 264w\" sizes=\"auto, (max-width: 649px) 100vw, 649px\" \/><\/figure><\/li><li class=\"blocks-gallery-item\"><figure><img alt=\"\" loading=\"lazy\" decoding=\"async\" width=\"649\" height=\"737\" src=\"https:\/\/orkenyi.hu\/wp-content\/uploads\/2025\/03\/image-85.webp\" data-id=\"775\" data-full-url=\"https:\/\/orkenyi.hu\/wp-content\/uploads\/2025\/03\/image-85.webp\" data-link=\"https:\/\/orkenyi.hu\/image-85\/\" class=\"wp-image-775\" srcset=\"https:\/\/orkenyi.hu\/wp-content\/uploads\/2025\/03\/image-85.webp 649w, https:\/\/orkenyi.hu\/wp-content\/uploads\/2025\/03\/image-85-264x300.webp 264w\" sizes=\"auto, (max-width: 649px) 100vw, 649px\" \/><\/figure><\/li><li class=\"blocks-gallery-item\"><figure><img alt=\"\" loading=\"lazy\" decoding=\"async\" width=\"650\" height=\"748\" src=\"https:\/\/orkenyi.hu\/wp-content\/uploads\/2025\/03\/image-78.webp\" data-id=\"798\" data-full-url=\"https:\/\/orkenyi.hu\/wp-content\/uploads\/2025\/03\/image-78.webp\" data-link=\"https:\/\/orkenyi.hu\/image-78\/\" class=\"wp-image-798\" srcset=\"https:\/\/orkenyi.hu\/wp-content\/uploads\/2025\/03\/image-78.webp 650w, https:\/\/orkenyi.hu\/wp-content\/uploads\/2025\/03\/image-78-261x300.webp 261w\" sizes=\"auto, (max-width: 650px) 100vw, 650px\" \/><\/figure><\/li><\/ul><\/figure>\n\n<figure class=\"wp-block-image size-full\"><img alt loading=\"lazy\" decoding=\"async\" width=\"453\" height=\"462\" src=\"https:\/\/orkenyi.hu\/wp-content\/uploads\/2024\/08\/Group-194.png\" class =\"wp-image-525\" srcset=\"https:\/\/orkenyi.hu\/wp-content\/uploads\/2024\/08\/Group-194.png 453w, https:\/\/orkenyi.hu\/wp-content\/uploads\/2024\/08\/Group-194-294x300.png 294w\" sizes=\"auto, (max-width: 453px) 100vw, 453px\" \/><\/figure>\n\n<h3 class=\"wp-block-heading\">And that&#039;s not all!<\/h3>\n\n<p>In addition to website creation, I also provide a full maintenance service, which is essential for the healthy functioning of your website. Regular updates, backups and optimizations ensure that your website always remains fast, secure and problem-free.<\/p>\n\n<div class=\"wp-block-buttons is-layout-flex wp-block-buttons-is-layout-flex\"><div class=\"wp-block-button\"><a class=\"wp-block-button__link\">LET&#039;S TALK ABOUT IT!<\/a><\/div><\/div>\n\n<p>Don&#039;t let your website become outdated or have errors - contact me and let&#039;s talk about how we can keep your website in perfect condition!<\/p>\n\n<figure class=\"wp-block-gallery columns-3 is-cropped wp-block-gallery-2 is-layout-flex wp-block-gallery-is-layout-flex\"><ul class=\"blocks-gallery-grid\"><li class=\"blocks-gallery-item\"><figure><img alt=\"\" decoding=\"async\" src=\"\" data-id=\"534\" data-full-url=\"\" data-link=\"\" class=\"wp-image-534\"\/><\/figure><\/li><li class=\"blocks-gallery-item\"><figure><img alt=\"\" decoding=\"async\" src=\"\" data-id=\"549\" data-full-url=\"\" data-link=\"\" class=\"wp-image-549\"\/><\/figure><\/li><li class=\"blocks-gallery-item\"><figure><img alt=\"\" decoding=\"async\" src=\"\" data-id=\"551\" data-full-url=\"\" data-link=\"\" class=\"wp-image-551\"\/><\/figure><\/li><li class=\"blocks-gallery-item\"><figure><img alt=\"\" decoding=\"async\" src=\"\" data-id=\"537\" data-full-url=\"\" data-link=\"\" class=\"wp-image-537\"\/><\/figure><\/li><li class=\"blocks-gallery-item\"><figure><img alt=\"\" decoding=\"async\" src=\"\" data-id=\"552\" data-full-url=\"\" data-link=\"\" class=\"wp-image-552\"\/><\/figure><\/li><li class=\"blocks-gallery-item\"><figure><img alt=\"\" decoding=\"async\" src=\"\" data-id=\"536\" data-full-url=\"\" data-link=\"\" class=\"wp-image-536\"\/><\/figure><\/li><\/ul><\/figure>\n\n<div class=\"wp-block-buttons is-layout-flex wp-block-buttons-is-layout-flex\"><div class=\"wp-block-button\"><a class=\"wp-block-button__link\">I&#039;ll check them all out.<\/a><\/div><\/div>","protected":false},"excerpt":{"rendered":"<p>WEBOLDALK\u00c9SZ\u00cdT\u00c9S Az els\u0151 benyom\u00e1s kulcsfontoss\u00e1g\u00fa! Egy j\u00f3l megtervezett, gyorsan bet\u00f6lt\u0151d\u0151 weboldal m\u00e1r az els\u0151 m\u00e1sodpercekben elnyeri l\u00e1togat\u00f3id bizalm\u00e1t. B\u00edzd r\u00e1m c\u00e9ged weboldal k\u00e9sz\u00edt\u00e9s\u00e9t, hogy versenyt\u00e1rsaid el\u0151tt j\u00e1rhass az online vil\u00e1gban! Gyakran ism\u00e9telt k\u00e9rd\u00e9sek Az \u00fcgyfeleim leggyakrabban az al\u00e1bbi t\u00edpus\u00fa weboldalak k\u00e9sz\u00edt\u00e9s\u00e9vel b\u00edznak meg, de ne agg\u00f3dj, ha nem l\u00e1tod itt, amit szeretn\u00e9l. Besz\u00e9lj\u00fcnk a projektedr\u0151l, [&hellip;]<\/p>\n","protected":false},"author":1,"featured_media":0,"parent":0,"menu_order":0,"comment_status":"closed","ping_status":"closed","template":"","meta":{"_seopress_robots_primary_cat":"","_seopress_titles_title":"Termel\u0151 weboldalk\u00e9sz\u00edt\u00e9s - Legy\u00e9l a k\u00f6vetkez\u0151 sikersztorim!","_seopress_titles_desc":"J\u00f3l megtervezett weboldal. B\u00edzd r\u00e1m c\u00e9ged weboldalk\u00e9sz\u00edt\u00e9s\u00e9t, hogy versenyt\u00e1rsaid el\u0151tt j\u00e1rhass az online vil\u00e1gban!","_seopress_robots_index":"","footnotes":""},"class_list":["post-36","page","type-page","status-publish","hentry"],"_links":{"self":[{"href":"https:\/\/orkenyi.hu\/en\/wp-json\/wp\/v2\/pages\/36","targetHints":{"allow":["GET"]}}],"collection":[{"href":"https:\/\/orkenyi.hu\/en\/wp-json\/wp\/v2\/pages"}],"about":[{"href":"https:\/\/orkenyi.hu\/en\/wp-json\/wp\/v2\/types\/page"}],"author":[{"embeddable":true,"href":"https:\/\/orkenyi.hu\/en\/wp-json\/wp\/v2\/users\/1"}],"replies":[{"embeddable":true,"href":"https:\/\/orkenyi.hu\/en\/wp-json\/wp\/v2\/comments?post=36"}],"version-history":[{"count":76,"href":"https:\/\/orkenyi.hu\/en\/wp-json\/wp\/v2\/pages\/36\/revisions"}],"predecessor-version":[{"id":1438,"href":"https:\/\/orkenyi.hu\/en\/wp-json\/wp\/v2\/pages\/36\/revisions\/1438"}],"wp:attachment":[{"href":"https:\/\/orkenyi.hu\/en\/wp-json\/wp\/v2\/media?parent=36"}],"curies":[{"name":"wp","href":"https:\/\/api.w.org\/{rel}","templated":true}]}}