{"id":38,"date":"2024-05-21T18:22:04","date_gmt":"2024-05-21T18:22:04","guid":{"rendered":"https:\/\/orkenyi.hu\/?page_id=38"},"modified":"2026-04-02T15:10:03","modified_gmt":"2026-04-02T15:10:03","slug":"design","status":"publish","type":"page","link":"https:\/\/orkenyi.hu\/en\/design\/","title":{"rendered":"Design"},"content":{"rendered":"<h1 class=\"wp-block-heading\">DESIGN<\/h1>\n\n<p>Do you want something that stands out? A logo, flyer, banner, post, poster \u2013 anything that is graphic and needs to look good? Then you&#039;ve come to the right place! Tell me what you want, and I&#039;ll make it work \u2013 spectacular, professional, and to your liking. Not a template, not boring \u2013 a unique, striking, tailored design that will make you stand out. Don&#039;t vary too much, just write, and the work can start!<\/p>\n\n<div class=\"wp-block-buttons is-layout-flex wp-block-buttons-is-layout-flex\"><div class=\"wp-block-button\"><a class=\"wp-block-button__link\">I want a design!<\/a><\/div><\/div>\n\n<figure class=\"wp-block-image size-full\"><img alt=\"\u00f3ri\u00e1s hirdet\u0151t\u00e1bla\" loading=\"lazy\" decoding=\"async\" width=\"1537\" height=\"1152\" src=\"https:\/\/orkenyi.hu\/wp-content\/uploads\/2024\/08\/outdoor_billboard_mockup-1-1.png\" class=\"wp-image-419\" srcset=\"https:\/\/orkenyi.hu\/wp-content\/uploads\/2024\/08\/outdoor_billboard_mockup-1-1.png 1537w, https:\/\/orkenyi.hu\/wp-content\/uploads\/2024\/08\/outdoor_billboard_mockup-1-1-300x225.png 300w, https:\/\/orkenyi.hu\/wp-content\/uploads\/2024\/08\/outdoor_billboard_mockup-1-1-1024x768.png 1024w, https:\/\/orkenyi.hu\/wp-content\/uploads\/2024\/08\/outdoor_billboard_mockup-1-1-768x576.png 768w\" sizes=\"auto, (max-width: 1537px) 100vw, 1537px\" \/><\/figure>\n\n<figure class=\"wp-block-image size-full\"><img alt=\"\u00f3ri\u00e1s hirdet\u0151t\u00e1bla\" loading=\"lazy\" decoding=\"async\" width=\"1537\" height=\"1152\" src=\"https:\/\/orkenyi.hu\/wp-content\/uploads\/2024\/08\/outdoor_billboard_mockup-1-1.png\" class=\"wp-image-419\" srcset=\"https:\/\/orkenyi.hu\/wp-content\/uploads\/2024\/08\/outdoor_billboard_mockup-1-1.png 1537w, https:\/\/orkenyi.hu\/wp-content\/uploads\/2024\/08\/outdoor_billboard_mockup-1-1-300x225.png 300w, https:\/\/orkenyi.hu\/wp-content\/uploads\/2024\/08\/outdoor_billboard_mockup-1-1-1024x768.png 1024w, https:\/\/orkenyi.hu\/wp-content\/uploads\/2024\/08\/outdoor_billboard_mockup-1-1-768x576.png 768w\" sizes=\"auto, (max-width: 1537px) 100vw, 1537px\" \/><\/figure>\n\n<h2 class=\"wp-block-heading\">Designs I made<\/h2>\n\n<figure class=\"wp-block-gallery columns-4 is-cropped wp-block-gallery-1 is-layout-flex wp-block-gallery-is-layout-flex\"><ul class=\"blocks-gallery-grid\"><li class=\"blocks-gallery-item\"><figure><img alt=\"\" loading=\"lazy\" decoding=\"async\" width=\"1024\" height=\"1024\" src=\"https:\/\/orkenyi.hu\/wp-content\/uploads\/2025\/03\/Frame-139-1024x1024.webp\" data-id=\"927\" data-full-url=\"https:\/\/orkenyi.hu\/wp-content\/uploads\/2025\/03\/Frame-139.webp\" data-link=\"https:\/\/orkenyi.hu\/frame-139\/\" class=\"wp-image-927\" srcset=\"https:\/\/orkenyi.hu\/wp-content\/uploads\/2025\/03\/Frame-139-1024x1024.webp 1024w, https:\/\/orkenyi.hu\/wp-content\/uploads\/2025\/03\/Frame-139-300x300.webp 300w, https:\/\/orkenyi.hu\/wp-content\/uploads\/2025\/03\/Frame-139-150x150.webp 150w, https:\/\/orkenyi.hu\/wp-content\/uploads\/2025\/03\/Frame-139-768x768.webp 768w, https:\/\/orkenyi.hu\/wp-content\/uploads\/2025\/03\/Frame-139-12x12.webp 12w, https:\/\/orkenyi.hu\/wp-content\/uploads\/2025\/03\/Frame-139.webp 1249w\" sizes=\"auto, (max-width: 1024px) 100vw, 1024px\" \/><\/figure><\/li><li class=\"blocks-gallery-item\"><figure><img alt=\"\" loading=\"lazy\" decoding=\"async\" width=\"1024\" height=\"1024\" src=\"https:\/\/orkenyi.hu\/wp-content\/uploads\/2025\/03\/Frame-141-1024x1024.webp\" data-id=\"929\" data-full-url=\"https:\/\/orkenyi.hu\/wp-content\/uploads\/2025\/03\/Frame-141.webp\" data-link=\"https:\/\/orkenyi.hu\/frame-141\/\" class=\"wp-image-929\" srcset=\"https:\/\/orkenyi.hu\/wp-content\/uploads\/2025\/03\/Frame-141-1024x1024.webp 1024w, https:\/\/orkenyi.hu\/wp-content\/uploads\/2025\/03\/Frame-141-300x300.webp 300w, https:\/\/orkenyi.hu\/wp-content\/uploads\/2025\/03\/Frame-141-150x150.webp 150w, https:\/\/orkenyi.hu\/wp-content\/uploads\/2025\/03\/Frame-141-768x768.webp 768w, https:\/\/orkenyi.hu\/wp-content\/uploads\/2025\/03\/Frame-141-12x12.webp 12w, https:\/\/orkenyi.hu\/wp-content\/uploads\/2025\/03\/Frame-141.webp 1249w\" sizes=\"auto, (max-width: 1024px) 100vw, 1024px\" \/><\/figure><\/li><li class=\"blocks-gallery-item\"><figure><img alt=\"\" loading=\"lazy\" decoding=\"async\" width=\"1024\" height=\"1024\" src=\"https:\/\/orkenyi.hu\/wp-content\/uploads\/2025\/03\/Frame-142-1024x1024.webp\" data-id=\"930\" data-full-url=\"https:\/\/orkenyi.hu\/wp-content\/uploads\/2025\/03\/Frame-142.webp\" data-link=\"https:\/\/orkenyi.hu\/frame-142\/\" class=\"wp-image-930\" srcset=\"https:\/\/orkenyi.hu\/wp-content\/uploads\/2025\/03\/Frame-142-1024x1024.webp 1024w, https:\/\/orkenyi.hu\/wp-content\/uploads\/2025\/03\/Frame-142-300x300.webp 300w, https:\/\/orkenyi.hu\/wp-content\/uploads\/2025\/03\/Frame-142-150x150.webp 150w, https:\/\/orkenyi.hu\/wp-content\/uploads\/2025\/03\/Frame-142-768x768.webp 768w, https:\/\/orkenyi.hu\/wp-content\/uploads\/2025\/03\/Frame-142-12x12.webp 12w, https:\/\/orkenyi.hu\/wp-content\/uploads\/2025\/03\/Frame-142.webp 1249w\" sizes=\"auto, (max-width: 1024px) 100vw, 1024px\" \/><\/figure><\/li><li class=\"blocks-gallery-item\"><figure><img alt=\"\" loading=\"lazy\" decoding=\"async\" width=\"1024\" height=\"1024\" src=\"https:\/\/orkenyi.hu\/wp-content\/uploads\/2025\/03\/Frame-143-1024x1024.webp\" data-id=\"931\" data-full-url=\"https:\/\/orkenyi.hu\/wp-content\/uploads\/2025\/03\/Frame-143.webp\" data-link=\"https:\/\/orkenyi.hu\/frame-143\/\" class=\"wp-image-931\" srcset=\"https:\/\/orkenyi.hu\/wp-content\/uploads\/2025\/03\/Frame-143-1024x1024.webp 1024w, https:\/\/orkenyi.hu\/wp-content\/uploads\/2025\/03\/Frame-143-300x300.webp 300w, https:\/\/orkenyi.hu\/wp-content\/uploads\/2025\/03\/Frame-143-150x150.webp 150w, https:\/\/orkenyi.hu\/wp-content\/uploads\/2025\/03\/Frame-143-768x768.webp 768w, https:\/\/orkenyi.hu\/wp-content\/uploads\/2025\/03\/Frame-143-12x12.webp 12w, https:\/\/orkenyi.hu\/wp-content\/uploads\/2025\/03\/Frame-143.webp 1249w\" sizes=\"auto, (max-width: 1024px) 100vw, 1024px\" \/><\/figure><\/li><li class=\"blocks-gallery-item\"><figure><img alt=\"\" loading=\"lazy\" decoding=\"async\" width=\"1024\" height=\"1024\" src=\"https:\/\/orkenyi.hu\/wp-content\/uploads\/2025\/03\/Frame-140-1024x1024.webp\" data-id=\"928\" data-full-url=\"https:\/\/orkenyi.hu\/wp-content\/uploads\/2025\/03\/Frame-140.webp\" data-link=\"https:\/\/orkenyi.hu\/frame-140\/\" class=\"wp-image-928\" srcset=\"https:\/\/orkenyi.hu\/wp-content\/uploads\/2025\/03\/Frame-140-1024x1024.webp 1024w, https:\/\/orkenyi.hu\/wp-content\/uploads\/2025\/03\/Frame-140-300x300.webp 300w, https:\/\/orkenyi.hu\/wp-content\/uploads\/2025\/03\/Frame-140-150x150.webp 150w, https:\/\/orkenyi.hu\/wp-content\/uploads\/2025\/03\/Frame-140-768x768.webp 768w, https:\/\/orkenyi.hu\/wp-content\/uploads\/2025\/03\/Frame-140-12x12.webp 12w, https:\/\/orkenyi.hu\/wp-content\/uploads\/2025\/03\/Frame-140.webp 1249w\" sizes=\"auto, (max-width: 1024px) 100vw, 1024px\" \/><\/figure><\/li><li class=\"blocks-gallery-item\"><figure><img alt=\"\" loading=\"lazy\" decoding=\"async\" width=\"1024\" height=\"1024\" src=\"https:\/\/orkenyi.hu\/wp-content\/uploads\/2025\/03\/Frame-144-1024x1024.webp\" data-id=\"932\" data-full-url=\"https:\/\/orkenyi.hu\/wp-content\/uploads\/2025\/03\/Frame-144.webp\" data-link=\"https:\/\/orkenyi.hu\/frame-144\/\" class=\"wp-image-932\" srcset=\"https:\/\/orkenyi.hu\/wp-content\/uploads\/2025\/03\/Frame-144-1024x1024.webp 1024w, https:\/\/orkenyi.hu\/wp-content\/uploads\/2025\/03\/Frame-144-300x300.webp 300w, https:\/\/orkenyi.hu\/wp-content\/uploads\/2025\/03\/Frame-144-150x150.webp 150w, https:\/\/orkenyi.hu\/wp-content\/uploads\/2025\/03\/Frame-144-768x768.webp 768w, https:\/\/orkenyi.hu\/wp-content\/uploads\/2025\/03\/Frame-144-12x12.webp 12w, https:\/\/orkenyi.hu\/wp-content\/uploads\/2025\/03\/Frame-144.webp 1249w\" sizes=\"auto, (max-width: 1024px) 100vw, 1024px\" \/><\/figure><\/li><li class=\"blocks-gallery-item\"><figure><img alt=\"\" loading=\"lazy\" decoding=\"async\" width=\"1024\" height=\"1024\" src=\"https:\/\/orkenyi.hu\/wp-content\/uploads\/2025\/03\/Frame-145-1024x1024.webp\" data-id=\"933\" data-full-url=\"https:\/\/orkenyi.hu\/wp-content\/uploads\/2025\/03\/Frame-145.webp\" data-link=\"https:\/\/orkenyi.hu\/frame-145\/\" class=\"wp-image-933\" srcset=\"https:\/\/orkenyi.hu\/wp-content\/uploads\/2025\/03\/Frame-145-1024x1024.webp 1024w, https:\/\/orkenyi.hu\/wp-content\/uploads\/2025\/03\/Frame-145-300x300.webp 300w, https:\/\/orkenyi.hu\/wp-content\/uploads\/2025\/03\/Frame-145-150x150.webp 150w, https:\/\/orkenyi.hu\/wp-content\/uploads\/2025\/03\/Frame-145-768x768.webp 768w, https:\/\/orkenyi.hu\/wp-content\/uploads\/2025\/03\/Frame-145-12x12.webp 12w, https:\/\/orkenyi.hu\/wp-content\/uploads\/2025\/03\/Frame-145.webp 1249w\" sizes=\"auto, (max-width: 1024px) 100vw, 1024px\" \/><\/figure><\/li><li class=\"blocks-gallery-item\"><figure><img alt=\"\" loading=\"lazy\" decoding=\"async\" width=\"1024\" height=\"1024\" src=\"https:\/\/orkenyi.hu\/wp-content\/uploads\/2025\/03\/Frame-137-1024x1024.webp\" data-id=\"935\" data-full-url=\"https:\/\/orkenyi.hu\/wp-content\/uploads\/2025\/03\/Frame-137.webp\" data-link=\"https:\/\/orkenyi.hu\/frame-137\/\" class=\"wp-image-935\" srcset=\"https:\/\/orkenyi.hu\/wp-content\/uploads\/2025\/03\/Frame-137-1024x1024.webp 1024w, https:\/\/orkenyi.hu\/wp-content\/uploads\/2025\/03\/Frame-137-300x300.webp 300w, https:\/\/orkenyi.hu\/wp-content\/uploads\/2025\/03\/Frame-137-150x150.webp 150w, https:\/\/orkenyi.hu\/wp-content\/uploads\/2025\/03\/Frame-137-768x768.webp 768w, https:\/\/orkenyi.hu\/wp-content\/uploads\/2025\/03\/Frame-137-12x12.webp 12w, https:\/\/orkenyi.hu\/wp-content\/uploads\/2025\/03\/Frame-137.webp 1249w\" sizes=\"auto, (max-width: 1024px) 100vw, 1024px\" \/><\/figure><\/li><li class=\"blocks-gallery-item\"><figure><img alt=\"\" loading=\"lazy\" decoding=\"async\" width=\"1024\" height=\"1024\" src=\"https:\/\/orkenyi.hu\/wp-content\/uploads\/2025\/03\/Frame-138-1024x1024.webp\" data-id=\"936\" data-full-url=\"https:\/\/orkenyi.hu\/wp-content\/uploads\/2025\/03\/Frame-138.webp\" data-link=\"https:\/\/orkenyi.hu\/frame-138\/\" class=\"wp-image-936\" srcset=\"https:\/\/orkenyi.hu\/wp-content\/uploads\/2025\/03\/Frame-138-1024x1024.webp 1024w, https:\/\/orkenyi.hu\/wp-content\/uploads\/2025\/03\/Frame-138-300x300.webp 300w, https:\/\/orkenyi.hu\/wp-content\/uploads\/2025\/03\/Frame-138-150x150.webp 150w, https:\/\/orkenyi.hu\/wp-content\/uploads\/2025\/03\/Frame-138-768x768.webp 768w, https:\/\/orkenyi.hu\/wp-content\/uploads\/2025\/03\/Frame-138-12x12.webp 12w, https:\/\/orkenyi.hu\/wp-content\/uploads\/2025\/03\/Frame-138.webp 1249w\" sizes=\"auto, (max-width: 1024px) 100vw, 1024px\" \/><\/figure><\/li><li class=\"blocks-gallery-item\"><figure><img alt=\"\" loading=\"lazy\" decoding=\"async\" width=\"1024\" height=\"1024\" src=\"https:\/\/orkenyi.hu\/wp-content\/uploads\/2025\/03\/Frame-146-1024x1024.webp\" data-id=\"934\" data-full-url=\"https:\/\/orkenyi.hu\/wp-content\/uploads\/2025\/03\/Frame-146.webp\" data-link=\"https:\/\/orkenyi.hu\/frame-146\/\" class=\"wp-image-934\" srcset=\"https:\/\/orkenyi.hu\/wp-content\/uploads\/2025\/03\/Frame-146-1024x1024.webp 1024w, https:\/\/orkenyi.hu\/wp-content\/uploads\/2025\/03\/Frame-146-300x300.webp 300w, https:\/\/orkenyi.hu\/wp-content\/uploads\/2025\/03\/Frame-146-150x150.webp 150w, https:\/\/orkenyi.hu\/wp-content\/uploads\/2025\/03\/Frame-146-768x768.webp 768w, https:\/\/orkenyi.hu\/wp-content\/uploads\/2025\/03\/Frame-146-12x12.webp 12w, https:\/\/orkenyi.hu\/wp-content\/uploads\/2025\/03\/Frame-146.webp 1249w\" sizes=\"auto, (max-width: 1024px) 100vw, 1024px\" \/><\/figure><\/li><li class=\"blocks-gallery-item\"><figure><img alt=\"\" loading=\"lazy\" decoding=\"async\" width=\"1024\" height=\"683\" src=\"https:\/\/orkenyi.hu\/wp-content\/uploads\/2025\/03\/260722001-1024x683.webp\" data-id=\"939\" data-full-url=\"https:\/\/orkenyi.hu\/wp-content\/uploads\/2025\/03\/260722001-scaled.webp\" data-link=\"https:\/\/orkenyi.hu\/260722001\/\" class=\"wp-image-939\" srcset=\"https:\/\/orkenyi.hu\/wp-content\/uploads\/2025\/03\/260722001-1024x683.webp 1024w, https:\/\/orkenyi.hu\/wp-content\/uploads\/2025\/03\/260722001-300x200.webp 300w, https:\/\/orkenyi.hu\/wp-content\/uploads\/2025\/03\/260722001-768x512.webp 768w, https:\/\/orkenyi.hu\/wp-content\/uploads\/2025\/03\/260722001-1536x1024.webp 1536w, https:\/\/orkenyi.hu\/wp-content\/uploads\/2025\/03\/260722001-2048x1365.webp 2048w, https:\/\/orkenyi.hu\/wp-content\/uploads\/2025\/03\/260722001-18x12.webp 18w\" sizes=\"auto, (max-width: 1024px) 100vw, 1024px\" \/><\/figure><\/li><li class=\"blocks-gallery-item\"><figure><img alt=\"\" loading=\"lazy\" decoding=\"async\" width=\"1024\" height=\"1024\" src=\"https:\/\/orkenyi.hu\/wp-content\/uploads\/2025\/03\/Frame-83-1024x1024.webp\" data-id=\"940\" data-full-url=\"https:\/\/orkenyi.hu\/wp-content\/uploads\/2025\/03\/Frame-83.webp\" data-link=\"https:\/\/orkenyi.hu\/frame-83\/\" class=\"wp-image-940\" srcset=\"https:\/\/orkenyi.hu\/wp-content\/uploads\/2025\/03\/Frame-83-1024x1024.webp 1024w, https:\/\/orkenyi.hu\/wp-content\/uploads\/2025\/03\/Frame-83-300x300.webp 300w, https:\/\/orkenyi.hu\/wp-content\/uploads\/2025\/03\/Frame-83-150x150.webp 150w, https:\/\/orkenyi.hu\/wp-content\/uploads\/2025\/03\/Frame-83-768x768.webp 768w, https:\/\/orkenyi.hu\/wp-content\/uploads\/2025\/03\/Frame-83-1536x1536.webp 1536w, https:\/\/orkenyi.hu\/wp-content\/uploads\/2025\/03\/Frame-83-2048x2048.webp 2048w, https:\/\/orkenyi.hu\/wp-content\/uploads\/2025\/03\/Frame-83-12x12.webp 12w\" sizes=\"auto, (max-width: 1024px) 100vw, 1024px\" \/><\/figure><\/li><li class=\"blocks-gallery-item\"><figure><img alt=\"\" loading=\"lazy\" decoding=\"async\" width=\"1024\" height=\"1024\" src=\"https:\/\/orkenyi.hu\/wp-content\/uploads\/2025\/03\/Frame-86-1024x1024.webp\" data-id=\"941\" data-full-url=\"https:\/\/orkenyi.hu\/wp-content\/uploads\/2025\/03\/Frame-86.webp\" data-link=\"https:\/\/orkenyi.hu\/frame-86\/\" class=\"wp-image-941\" srcset=\"https:\/\/orkenyi.hu\/wp-content\/uploads\/2025\/03\/Frame-86-1024x1024.webp 1024w, https:\/\/orkenyi.hu\/wp-content\/uploads\/2025\/03\/Frame-86-300x300.webp 300w, https:\/\/orkenyi.hu\/wp-content\/uploads\/2025\/03\/Frame-86-150x150.webp 150w, https:\/\/orkenyi.hu\/wp-content\/uploads\/2025\/03\/Frame-86-768x768.webp 768w, https:\/\/orkenyi.hu\/wp-content\/uploads\/2025\/03\/Frame-86-1536x1536.webp 1536w, https:\/\/orkenyi.hu\/wp-content\/uploads\/2025\/03\/Frame-86-2048x2048.webp 2048w, https:\/\/orkenyi.hu\/wp-content\/uploads\/2025\/03\/Frame-86-12x12.webp 12w\" sizes=\"auto, (max-width: 1024px) 100vw, 1024px\" \/><\/figure><\/li><li class=\"blocks-gallery-item\"><figure><img alt=\"\" loading=\"lazy\" decoding=\"async\" width=\"640\" height=\"904\" src=\"https:\/\/orkenyi.hu\/wp-content\/uploads\/2025\/03\/Frame-133.webp\" data-id=\"942\" data-full-url=\"https:\/\/orkenyi.hu\/wp-content\/uploads\/2025\/03\/Frame-133.webp\" data-link=\"https:\/\/orkenyi.hu\/frame-133\/\" class=\"wp-image-942\" srcset=\"https:\/\/orkenyi.hu\/wp-content\/uploads\/2025\/03\/Frame-133.webp 640w, https:\/\/orkenyi.hu\/wp-content\/uploads\/2025\/03\/Frame-133-212x300.webp 212w, https:\/\/orkenyi.hu\/wp-content\/uploads\/2025\/03\/Frame-133-8x12.webp 8w\" sizes=\"auto, (max-width: 640px) 100vw, 640px\" \/><\/figure><\/li><li class=\"blocks-gallery-item\"><figure><img alt=\"\" loading=\"lazy\" decoding=\"async\" width=\"1024\" height=\"1024\" src=\"https:\/\/orkenyi.hu\/wp-content\/uploads\/2025\/03\/Frame-220-1024x1024.webp\" data-id=\"943\" data-full-url=\"https:\/\/orkenyi.hu\/wp-content\/uploads\/2025\/03\/Frame-220.webp\" data-link=\"https:\/\/orkenyi.hu\/frame-220\/\" class=\"wp-image-943\" srcset=\"https:\/\/orkenyi.hu\/wp-content\/uploads\/2025\/03\/Frame-220-1024x1024.webp 1024w, https:\/\/orkenyi.hu\/wp-content\/uploads\/2025\/03\/Frame-220-300x300.webp 300w, https:\/\/orkenyi.hu\/wp-content\/uploads\/2025\/03\/Frame-220-150x150.webp 150w, https:\/\/orkenyi.hu\/wp-content\/uploads\/2025\/03\/Frame-220-768x768.webp 768w, https:\/\/orkenyi.hu\/wp-content\/uploads\/2025\/03\/Frame-220-12x12.webp 12w, https:\/\/orkenyi.hu\/wp-content\/uploads\/2025\/03\/Frame-220.webp 1200w\" sizes=\"auto, (max-width: 1024px) 100vw, 1024px\" \/><\/figure><\/li><li class=\"blocks-gallery-item\"><figure><img alt=\"\" loading=\"lazy\" decoding=\"async\" width=\"1024\" height=\"585\" src=\"https:\/\/orkenyi.hu\/wp-content\/uploads\/2025\/03\/Hepp-nevjegy-1024x585.webp\" data-id=\"944\" data-full-url=\"https:\/\/orkenyi.hu\/wp-content\/uploads\/2025\/03\/Hepp-nevjegy.webp\" data-link=\"https:\/\/orkenyi.hu\/hepp-nevjegy\/\" class=\"wp-image-944\" srcset=\"https:\/\/orkenyi.hu\/wp-content\/uploads\/2025\/03\/Hepp-nevjegy-1024x585.webp 1024w, https:\/\/orkenyi.hu\/wp-content\/uploads\/2025\/03\/Hepp-nevjegy-300x171.webp 300w, https:\/\/orkenyi.hu\/wp-content\/uploads\/2025\/03\/Hepp-nevjegy-768x439.webp 768w, https:\/\/orkenyi.hu\/wp-content\/uploads\/2025\/03\/Hepp-nevjegy-18x10.webp 18w, https:\/\/orkenyi.hu\/wp-content\/uploads\/2025\/03\/Hepp-nevjegy.webp 1050w\" sizes=\"auto, (max-width: 1024px) 100vw, 1024px\" \/><\/figure><\/li><li class=\"blocks-gallery-item\"><figure><img alt=\"\" loading=\"lazy\" decoding=\"async\" width=\"576\" height=\"1024\" src=\"https:\/\/orkenyi.hu\/wp-content\/uploads\/2025\/03\/iPhone-16-Pro-1-576x1024.webp\" data-id=\"945\" data-full-url=\"https:\/\/orkenyi.hu\/wp-content\/uploads\/2025\/03\/iPhone-16-Pro-1-scaled.webp\" data-link=\"https:\/\/orkenyi.hu\/iphone-16-pro-1\/\" class=\"wp-image-945\" srcset=\"https:\/\/orkenyi.hu\/wp-content\/uploads\/2025\/03\/iPhone-16-Pro-1-576x1024.webp 576w, https:\/\/orkenyi.hu\/wp-content\/uploads\/2025\/03\/iPhone-16-Pro-1-169x300.webp 169w, https:\/\/orkenyi.hu\/wp-content\/uploads\/2025\/03\/iPhone-16-Pro-1-768x1365.webp 768w, https:\/\/orkenyi.hu\/wp-content\/uploads\/2025\/03\/iPhone-16-Pro-1-864x1536.webp 864w, https:\/\/orkenyi.hu\/wp-content\/uploads\/2025\/03\/iPhone-16-Pro-1-1152x2048.webp 1152w, https:\/\/orkenyi.hu\/wp-content\/uploads\/2025\/03\/iPhone-16-Pro-1-7x12.webp 7w, https:\/\/orkenyi.hu\/wp-content\/uploads\/2025\/03\/iPhone-16-Pro-1-scaled.webp 1440w\" sizes=\"auto, (max-width: 576px) 100vw, 576px\" \/><\/figure><\/li><li class=\"blocks-gallery-item\"><figure><img alt=\"\" loading=\"lazy\" decoding=\"async\" width=\"819\" height=\"1024\" src=\"https:\/\/orkenyi.hu\/wp-content\/uploads\/2025\/03\/04_01-819x1024.webp\" data-id=\"946\" data-full-url=\"https:\/\/orkenyi.hu\/wp-content\/uploads\/2025\/03\/04_01-scaled.webp\" data-link=\"https:\/\/orkenyi.hu\/04_01\/\" class=\"wp-image-946\" srcset=\"https:\/\/orkenyi.hu\/wp-content\/uploads\/2025\/03\/04_01-819x1024.webp 819w, https:\/\/orkenyi.hu\/wp-content\/uploads\/2025\/03\/04_01-240x300.webp 240w, https:\/\/orkenyi.hu\/wp-content\/uploads\/2025\/03\/04_01-768x960.webp 768w, https:\/\/orkenyi.hu\/wp-content\/uploads\/2025\/03\/04_01-1229x1536.webp 1229w, https:\/\/orkenyi.hu\/wp-content\/uploads\/2025\/03\/04_01-1638x2048.webp 1638w, https:\/\/orkenyi.hu\/wp-content\/uploads\/2025\/03\/04_01-10x12.webp 10w, https:\/\/orkenyi.hu\/wp-content\/uploads\/2025\/03\/04_01-scaled.webp 2048w\" sizes=\"auto, (max-width: 819px) 100vw, 819px\" \/><\/figure><\/li><\/ul><\/figure>\n\n<figure class=\"wp-block-gallery columns-3 is-cropped wp-block-gallery-2 is-layout-flex wp-block-gallery-is-layout-flex\"><ul class=\"blocks-gallery-grid\"><li class=\"blocks-gallery-item\"><figure><img alt=\"\" decoding=\"async\" src=\"\" data-id=\"534\" data-full-url=\"\" data-link=\"\" class=\"wp-image-534\"\/><\/figure><\/li><li class=\"blocks-gallery-item\"><figure><img alt=\"\" decoding=\"async\" src=\"\" data-id=\"549\" data-full-url=\"\" data-link=\"\" class=\"wp-image-549\"\/><\/figure><\/li><li class=\"blocks-gallery-item\"><figure><img alt=\"\" decoding=\"async\" src=\"\" data-id=\"551\" data-full-url=\"\" data-link=\"\" class=\"wp-image-551\"\/><\/figure><\/li><li class=\"blocks-gallery-item\"><figure><img alt=\"\" decoding=\"async\" src=\"\" data-id=\"537\" data-full-url=\"\" data-link=\"\" class=\"wp-image-537\"\/><\/figure><\/li><li class=\"blocks-gallery-item\"><figure><img alt=\"\" decoding=\"async\" src=\"\" data-id=\"552\" data-full-url=\"\" data-link=\"\" class=\"wp-image-552\"\/><\/figure><\/li><li class=\"blocks-gallery-item\"><figure><img alt=\"\" decoding=\"async\" src=\"\" data-id=\"536\" data-full-url=\"\" data-link=\"\" class=\"wp-image-536\"\/><\/figure><\/li><\/ul><\/figure>","protected":false},"excerpt":{"rendered":"<p>DESIGN Szeretn\u00e9l valamit, ami odav\u00e1g? Log\u00f3, flyer, banner, poszt, plak\u00e1t \u2013 b\u00e1rmi, ami grafika, \u00e9s j\u00f3l kell kin\u00e9znie? Akkor j\u00f3 helyen j\u00e1rsz! Mondd, mit szeretn\u00e9l, \u00e9n pedig megcsin\u00e1lom \u00fagy, hogy az t\u00e9nyleg m\u0171k\u00f6dj\u00f6n \u2013 l\u00e1tv\u00e1nyos, profi, \u00e9s hozz\u00e1d passzol. Nem sablon, nem unalom \u2013 egyedi, \u00fct\u0151s, r\u00e1d szabott diz\u00e1jn, amivel kit\u0171nsz. Ne vari\u00e1lj sokat, csak [&hellip;]<\/p>\n","protected":false},"author":1,"featured_media":0,"parent":0,"menu_order":0,"comment_status":"closed","ping_status":"closed","template":"","meta":{"_seopress_robots_primary_cat":"","_seopress_titles_title":"","_seopress_titles_desc":"","_seopress_robots_index":"","footnotes":""},"class_list":["post-38","page","type-page","status-publish","hentry"],"_links":{"self":[{"href":"https:\/\/orkenyi.hu\/en\/wp-json\/wp\/v2\/pages\/38","targetHints":{"allow":["GET"]}}],"collection":[{"href":"https:\/\/orkenyi.hu\/en\/wp-json\/wp\/v2\/pages"}],"about":[{"href":"https:\/\/orkenyi.hu\/en\/wp-json\/wp\/v2\/types\/page"}],"author":[{"embeddable":true,"href":"https:\/\/orkenyi.hu\/en\/wp-json\/wp\/v2\/users\/1"}],"replies":[{"embeddable":true,"href":"https:\/\/orkenyi.hu\/en\/wp-json\/wp\/v2\/comments?post=38"}],"version-history":[{"count":14,"href":"https:\/\/orkenyi.hu\/en\/wp-json\/wp\/v2\/pages\/38\/revisions"}],"predecessor-version":[{"id":1769,"href":"https:\/\/orkenyi.hu\/en\/wp-json\/wp\/v2\/pages\/38\/revisions\/1769"}],"wp:attachment":[{"href":"https:\/\/orkenyi.hu\/en\/wp-json\/wp\/v2\/media?parent=38"}],"curies":[{"name":"wp","href":"https:\/\/api.w.org\/{rel}","templated":true}]}}