{"id":40,"date":"2024-05-21T18:22:26","date_gmt":"2024-05-21T18:22:26","guid":{"rendered":"https:\/\/orkenyi.hu\/?page_id=40"},"modified":"2026-04-23T14:12:10","modified_gmt":"2026-04-23T14:12:10","slug":"kapcsolat","status":"publish","type":"page","link":"https:\/\/orkenyi.hu\/en\/kapcsolat\/","title":{"rendered":"Contact"},"content":{"rendered":"<figure class=\"wp-block-image size-full\"><img alt=\"orkenyi karoly\" loading=\"lazy\" decoding=\"async\" width=\"602\" height=\"498\" src=\"https:\/\/orkenyi.hu\/wp-content\/uploads\/2024\/08\/Group-166.png\" class=\"wp-image-347\" srcset=\"https:\/\/orkenyi.hu\/wp-content\/uploads\/2024\/08\/Group-166.png 602w, https:\/\/orkenyi.hu\/wp-content\/uploads\/2024\/08\/Group-166-300x248.png 300w\" sizes=\"auto, (max-width: 602px) 100vw, 602px\" \/><\/figure>\n\n<p>+36 30 786 4607<br \/>karcsi@orkenyi.hu<\/p>\n\n<h3 class=\"wp-block-heading\">Let&#039;s start working together today!<\/h3>\n\n<p>Do you want a website or some kind of design? Fill out this form and I will contact you soon!<\/p>\n\n<h3 class=\"wp-block-heading\">I will contact you within 24 hours!<\/h3>","protected":false},"excerpt":{"rendered":"<p>+36 30 786 4607karcsi@orkenyi.hu Kezdj\u00fck el a k\u00f6z\u00f6s munk\u00e1t m\u00e9g ma! Weboldalt szeretn\u00e9l vagy valamiylen designt? T\u00f6ltsd ki ezt az \u0171rlapot \u00e9s hamarosan felveszem veled&nbsp; a kapcsolatot! 24 \u00f3r\u00e1n bel\u00fcl kapcsolatba l\u00e9pek veled!<\/p>","protected":false},"author":1,"featured_media":0,"parent":0,"menu_order":0,"comment_status":"closed","ping_status":"closed","template":"","meta":{"_seopress_robots_primary_cat":"","_seopress_titles_title":"","_seopress_titles_desc":"","_seopress_robots_index":"","footnotes":""},"class_list":["post-40","page","type-page","status-publish","hentry"],"_links":{"self":[{"href":"https:\/\/orkenyi.hu\/en\/wp-json\/wp\/v2\/pages\/40","targetHints":{"allow":["GET"]}}],"collection":[{"href":"https:\/\/orkenyi.hu\/en\/wp-json\/wp\/v2\/pages"}],"about":[{"href":"https:\/\/orkenyi.hu\/en\/wp-json\/wp\/v2\/types\/page"}],"author":[{"embeddable":true,"href":"https:\/\/orkenyi.hu\/en\/wp-json\/wp\/v2\/users\/1"}],"replies":[{"embeddable":true,"href":"https:\/\/orkenyi.hu\/en\/wp-json\/wp\/v2\/comments?post=40"}],"version-history":[{"count":25,"href":"https:\/\/orkenyi.hu\/en\/wp-json\/wp\/v2\/pages\/40\/revisions"}],"predecessor-version":[{"id":1910,"href":"https:\/\/orkenyi.hu\/en\/wp-json\/wp\/v2\/pages\/40\/revisions\/1910"}],"wp:attachment":[{"href":"https:\/\/orkenyi.hu\/en\/wp-json\/wp\/v2\/media?parent=40"}],"curies":[{"name":"wp","href":"https:\/\/api.w.org\/{rel}","templated":true}]}}